{"id":2709,"date":"2025-02-06T18:24:42","date_gmt":"2025-02-06T18:24:42","guid":{"rendered":"http:\/\/ceremoniesbysophia.com\/?page_id=2709"},"modified":"2025-04-10T14:33:40","modified_gmt":"2025-04-10T14:33:40","slug":"privacypolicy","status":"publish","type":"page","link":"https:\/\/ceremoniesbysophia.com\/de\/privacypolicy\/","title":{"rendered":"Datenschutz"},"content":{"rendered":"<div data-elementor-type=\"wp-page\" data-elementor-id=\"2709\" class=\"elementor elementor-2709\" data-elementor-post-type=\"page\">\n\t\t\t\t<div class=\"elementor-element elementor-element-9eac9ef e-flex e-con-boxed e-con e-parent\" data-id=\"9eac9ef\" data-element_type=\"container\" data-e-type=\"container\">\n\t\t\t\t\t<div class=\"e-con-inner\">\n\t\t\t\t<div class=\"elementor-element elementor-element-895342b elementor-widget elementor-widget-spacer\" data-id=\"895342b\" data-element_type=\"widget\" data-e-type=\"widget\" data-widget_type=\"spacer.default\">\n\t\t\t\t<div class=\"elementor-widget-container\">\n\t\t\t\t\t\t\t<div class=\"elementor-spacer\">\n\t\t\t<div class=\"elementor-spacer-inner\"><\/div>\n\t\t<\/div>\n\t\t\t\t\t\t<\/div>\n\t\t\t\t<\/div>\n\t\t\t\t<div class=\"elementor-element elementor-element-6a46c6a elementor-widget elementor-widget-heading\" data-id=\"6a46c6a\" data-element_type=\"widget\" data-e-type=\"widget\" data-widget_type=\"heading.default\">\n\t\t\t\t<div class=\"elementor-widget-container\">\n\t\t\t\t\t<h2 class=\"elementor-heading-title elementor-size-default\">Datenschutz<\/h2>\t\t\t\t<\/div>\n\t\t\t\t<\/div>\n\t\t\t\t\t<\/div>\n\t\t\t\t<\/div>\n\t\t<div class=\"elementor-element elementor-element-1a79442 e-flex e-con-boxed e-con e-parent\" data-id=\"1a79442\" data-element_type=\"container\" data-e-type=\"container\">\n\t\t\t\t\t<div class=\"e-con-inner\">\n\t\t\t\t<div class=\"elementor-element elementor-element-d4ebeb9 elementor-widget elementor-widget-text-editor\" data-id=\"d4ebeb9\" data-element_type=\"widget\" data-e-type=\"widget\" data-widget_type=\"text-editor.default\">\n\t\t\t\t<div class=\"elementor-widget-container\">\n\t\t\t\t\t\t\t\t\t<h3><strong style=\"caret-color: #000000; color: #000000; letter-spacing: normal; text-align: var(--text-align); font-family: var(--pt-typography-body-font-family); font-size: var(--pt-typography-body-font-size); text-transform: var(--pt-typography-body-text-transform);\" data-start=\"354\" data-end=\"388\">G\u00fcltig ab: 1. April 2025<\/strong><\/h3><p><span style=\"caret-color: #000000; color: #000000; letter-spacing: normal; text-align: var(--text-align); font-family: var(--pt-typography-body-font-family); font-size: var(--pt-typography-body-font-size); text-transform: var(--pt-typography-body-text-transform);\">Wir freuen uns \u00fcber Ihr Interesse an unserer Website.\u00a0<br \/><\/span><span style=\"caret-color: #000000; color: #000000; font-family: var(--pt-typography-body-font-family); font-size: var(--pt-typography-body-font-size); letter-spacing: normal; text-align: var(--text-align); text-transform: var(--pt-typography-body-text-transform);\">Der Schutz Ihrer pers\u00f6nlichen Daten ist uns ein besonderes Anliegen. <br \/>Ihre Daten werden vertraulich und entsprechend den gesetzlichen Datenschutzvorschriften verarbeitet, insbesondere gem\u00e4\u00df der Datenschutz-Grundverordnung (DSGVO).<\/span><\/p><h4><span style=\"font-family: var(--pt-font-primary); font-size: var(--pt-typography-h3-font-size); letter-spacing: var(--pt-typography-h3-letter-spacing); text-transform: var(--pt-typography-h3-text-transform); text-align: var(--text-align);\">Verantwortliche Stelle<\/span><\/h4><p><strong data-start=\"665\" data-end=\"682\">Sophia Holzer<\/strong><br data-start=\"682\" data-end=\"685\" \/>Ungargasse 4\/2\/1<br data-start=\"701\" data-end=\"704\" \/>1030 Wien, \u00d6sterreich<br data-start=\"724\" data-end=\"727\" \/>Email: <a class=\"cursor-pointer\" rel=\"noopener\" data-start=\"734\" data-end=\"757\">ceremoniesbys@gmail.com<\/a><br data-start=\"757\" data-end=\"760\" \/>Tel.: +43 664 251 42 82<\/p><h4>Hosting<\/h4><p>Diese Website wird bei <strong data-start=\"833\" data-end=\"846\">STRATO AG<\/strong>, Otto-Ostrowski-Stra\u00dfe 7, 10249 Berlin, gehostet. Beim Besuch der Website erfasst STRATO technische Daten (z.\u202fB. IP-Adresse, Browsertyp), die in sogenannten Server-Logfiles gespeichert werden.<\/p><p class=\"\" data-start=\"1035\" data-end=\"1212\"><strong data-start=\"1035\" data-end=\"1051\">Rechtsgrundlage:<\/strong> Art. 6 Abs. 1 lit. f DSGVO (berechtigtes Interesse an sicherem, stabilem Hosting).<br data-start=\"1128\" data-end=\"1131\" \/>Weitere Informationen: <a class=\"\" href=\"https:\/\/www.strato.de\/datenschutz\" target=\"_new\" rel=\"noopener\" data-start=\"1142\" data-end=\"1212\">https:\/\/www.strato.de\/datenschutz<\/a><\/p><h4>Cookies &amp; Einwilligungsverwaltung<\/h4><p>Diese Website nutzt Cookies zur technischen Funktionalit\u00e4t und verwendet das <strong data-start=\"1329\" data-end=\"1342\">Tool Complianz<\/strong> zur Verwaltung Ihrer Einwilligungen (Cookie-Banner). Anbieter ist Complianz B.V., Kalmarweg 14-5, 9723 JG Groningen, Niederlande. <br \/>Ein gesetzlich erforderlicher Cookie wird in Ihrem Browser gespeichert, um Ihre Einwilligungen oder deren Widerruf zu dokumentieren.<\/p><p class=\"\" data-start=\"1560\" data-end=\"1578\"><strong data-start=\"1560\" data-end=\"1576\">Rechtsgrundlage:<\/strong><\/p><ul data-start=\"1579\" data-end=\"1720\"><li class=\"\" data-start=\"1579\" data-end=\"1619\"><p class=\"\" data-start=\"1581\" data-end=\"1619\">Rechtsgrundlage: Art. 6 Abs. 1 lit. c DSGVO (gesetzliche Verpflichtung)<\/p><\/li><li class=\"\" data-start=\"1620\" data-end=\"1720\"><p class=\"\" data-start=\"1622\" data-end=\"1720\">Einwilligungspflichtige Cookies basieren auf Art. 6 Abs. 1 lit. a DSGVO, \u00a725 Abs. 1 TTDSG<br data-start=\"1677\" data-end=\"1680\" \/>Sie k\u00f6nnen Ihre Zustimmung jederzeit r\u00fcckg\u00e4ngig machen.<\/p><\/li><\/ul><h4>Kontaktformular<\/h4><p>Wenn Sie uns \u00fcber das Kontaktformular kontaktieren, speichern wir die von Ihnen eingegebenen Daten (Name, E-Mail-Adresse, Nachricht), um Ihre Anfrage zu bearbeiten.<\/p><p class=\"\" data-start=\"1879\" data-end=\"1897\"><strong data-start=\"1879\" data-end=\"1895\">Rechtsgrundlage:<\/strong><\/p><ul data-start=\"1898\" data-end=\"2040\"><li class=\"\" data-start=\"1898\" data-end=\"1974\"><p class=\"\" data-start=\"1900\" data-end=\"1974\">Rechtsgrundlage:\n\nArt. 6 Abs. 1 lit. b DSGVO (Vertrag oder vorvertragliche Ma\u00dfnahme)<\/p><\/li><li class=\"\" data-start=\"1975\" data-end=\"2040\"><p class=\"\" data-start=\"1977\" data-end=\"2040\">Art. 6 Abs. 1 lit. f DSGVO (berechtigtes Interesse an Kommunikation)<\/p><\/li><\/ul><p class=\"\" data-start=\"2042\" data-end=\"2175\">Ihre Daten werden nicht ohne Ihre ausdr\u00fcckliche Einwilligung weitergegeben und nach Erledigung Ihrer Anfrage gel\u00f6scht, sofern keine gesetzlichen Aufbewahrungspflichten bestehen.<\/p><h4>Instagram-Link<\/h4><p class=\"\" data-start=\"2207\" data-end=\"2381\">Auf unserer Website befindet sich ein <strong data-start=\"2230\" data-end=\"2263\">Button, der zu unserem Instagram-Profil verlinkt<\/strong>(ohne Plugin oder direkte Daten\u00fcbertragung bei Seitenaufruf).<\/p><p class=\"\" data-start=\"2383\" data-end=\"2548\">Wenn Sie diesen Link aktiv anklicken, verlassen Sie unsere Seite und es gelten die Datenschutzbestimmungen von Instagram \/ Meta Platforms Ireland Ltd., Dublin.<br data-start=\"2457\" data-end=\"2460\" \/><a class=\"\" href=\"\/de\/Weitere Infos: https:\/\/privacycenter.instagram.com\/policy\/\" target=\"_new\" rel=\"noopener\" data-start=\"2460\" data-end=\"2548\">Weitere Infos: https:\/\/privacycenter.instagram.com\/policy<\/a><\/p><h4>Ihre Rechte<\/h4><p class=\"\" data-start=\"2575\" data-end=\"2613\">Sie haben das Recht auf:<\/p><ul data-start=\"2614\" data-end=\"2907\"><li class=\"\" data-start=\"2614\" data-end=\"2641\"><p class=\"\" data-start=\"2616\" data-end=\"2641\">- Auskunft \u00fcber Ihre gespeicherten Daten<\/p><\/li><li class=\"\" data-start=\"2642\" data-end=\"2674\"><p class=\"\" data-start=\"2644\" data-end=\"2674\">- Berichtigung oder L\u00f6schung<\/p><\/li><li class=\"\" data-start=\"2675\" data-end=\"2696\"><p class=\"\" data-start=\"2677\" data-end=\"2696\">- Einschr\u00e4nkung der Verarbeitung<\/p><\/li><li class=\"\" data-start=\"2697\" data-end=\"2715\"><p class=\"\" data-start=\"2699\" data-end=\"2715\">- Daten\u00fcbertragbarkeit<\/p><\/li><li class=\"\" data-start=\"2716\" data-end=\"2767\"><p class=\"\" data-start=\"2718\" data-end=\"2767\">- Widerruf erteilter Einwilligungen (mit Wirkung f\u00fcr die Zukunft)<\/p><\/li><li class=\"\" data-start=\"2768\" data-end=\"2790\"><p class=\"\" data-start=\"2770\" data-end=\"2790\">- Widerspruch gegen die Verarbeitung Ihrer Daten<\/p><\/li><li class=\"\" data-start=\"2791\" data-end=\"2907\"><p class=\"\" data-start=\"2793\" data-end=\"2907\">Beschwerde bei der \u00f6sterreichischen Datenschutzbeh\u00f6rde<br data-start=\"2852\" data-end=\"2855\" \/>in \u00d6sterreich: <a class=\"cursor-pointer\" target=\"_new\" rel=\"noopener\" data-start=\"2869\" data-end=\"2907\">www.dsb.gv.at<\/a><\/p><\/li><\/ul><p class=\"\" data-start=\"2909\" data-end=\"2981\">Bei Fragen oder zur Aus\u00fcbung Ihrer Rechte schreiben Sie bitte an: <strong data-start=\"2954\" data-end=\"2981\"><a class=\"cursor-pointer\" rel=\"noopener\" data-start=\"2956\" data-end=\"2979\">ceremoniesbys@gmail.com<\/a><\/strong><\/p><h4>Datensicherheit<\/h4><p>Wir setzen technische und organisatorische Ma\u00dfnahmen ein, um Ihre Daten vor unbefugtem Zugriff, Verlust oder Missbrauch zu sch\u00fctzen.<\/p><h4>Rechtsgrundlage\u00a0<\/h4><p>Diese Datenschutzerkl\u00e4rung wurde gem\u00e4\u00df der <strong data-start=\"3230\" data-end=\"3295\">Datenschutz-Grundverordnung (Verordnung (EU) 2016\/679)<\/strong>erstellt und orientiert sich an den Empfehlungen der <strong data-start=\"3334\" data-end=\"3372\">\u00f6sterreichischen Datenschutzbeh\u00f6rde<\/strong> (<a class=\"cursor-pointer\" target=\"_new\" rel=\"noopener\" data-start=\"3374\" data-end=\"3395\">(https:\/\/www.dsb.gv.at)<\/a>und der <strong data-start=\"3405\" data-end=\"3428\">Europ\u00e4ischen Kommission<\/strong> (<a class=\"\" href=\"https:\/\/gdpr.eu\/\" target=\"_new\" rel=\"noopener\" data-start=\"3430\" data-end=\"3445\">(https:\/\/gdpr.eu).<\/a>).<\/p>\t\t\t\t\t\t\t\t<\/div>\n\t\t\t\t<\/div>\n\t\t\t\t<div class=\"elementor-element elementor-element-239283f elementor-widget elementor-widget-spacer\" data-id=\"239283f\" data-element_type=\"widget\" data-e-type=\"widget\" data-widget_type=\"spacer.default\">\n\t\t\t\t<div class=\"elementor-widget-container\">\n\t\t\t\t\t\t\t<div class=\"elementor-spacer\">\n\t\t\t<div class=\"elementor-spacer-inner\"><\/div>\n\t\t<\/div>\n\t\t\t\t\t\t<\/div>\n\t\t\t\t<\/div>\n\t\t\t\t\t<\/div>\n\t\t\t\t<\/div>\n\t\t\t\t<\/div>","protected":false},"excerpt":{"rendered":"<p>Privacy Policy Effective as of: April 1st, 2025 Thank you for visiting our website.\u00a0Protecting your personal data is very important to us. We treat&#8230;<\/p>","protected":false},"author":1,"featured_media":0,"parent":0,"menu_order":0,"comment_status":"closed","ping_status":"closed","template":"","meta":{"_acf_changed":false,"footnotes":""},"class_list":["post-2709","page","type-page","status-publish","hentry"],"acf":[],"yoast_head":"<!-- This site is optimized with the Yoast SEO plugin v26.8 - https:\/\/yoast.com\/product\/yoast-seo-wordpress\/ -->\n<title>Privacy Policy - Ceremonies by Sophia<\/title>\n<meta name=\"robots\" content=\"index, follow, max-snippet:-1, max-image-preview:large, max-video-preview:-1\" \/>\n<link rel=\"canonical\" href=\"https:\/\/ceremoniesbysophia.com\/de\/privacypolicy\/\" \/>\n<meta property=\"og:locale\" content=\"de_DE\" \/>\n<meta property=\"og:type\" content=\"article\" \/>\n<meta property=\"og:title\" content=\"Privacy Policy - Ceremonies by Sophia\" \/>\n<meta property=\"og:description\" content=\"Privacy Policy Effective as of: April 1st, 2025 Thank you for visiting our website.\u00a0Protecting your personal data is very important to us. We treat...\" \/>\n<meta property=\"og:url\" content=\"https:\/\/ceremoniesbysophia.com\/de\/privacypolicy\/\" \/>\n<meta property=\"og:site_name\" content=\"Ceremonies by Sophia\" \/>\n<meta property=\"article:modified_time\" content=\"2025-04-10T14:33:40+00:00\" \/>\n<meta name=\"twitter:card\" content=\"summary_large_image\" \/>\n<meta name=\"twitter:label1\" content=\"Gesch\u00e4tzte Lesezeit\" \/>\n\t<meta name=\"twitter:data1\" content=\"2 Minuten\" \/>\n<script type=\"application\/ld+json\" class=\"yoast-schema-graph\">{\"@context\":\"https:\/\/schema.org\",\"@graph\":[{\"@type\":\"WebPage\",\"@id\":\"https:\/\/ceremoniesbysophia.com\/privacypolicy\/\",\"url\":\"https:\/\/ceremoniesbysophia.com\/privacypolicy\/\",\"name\":\"Privacy Policy - Ceremonies by Sophia\",\"isPartOf\":{\"@id\":\"https:\/\/ceremoniesbysophia.com\/#website\"},\"datePublished\":\"2025-02-06T18:24:42+00:00\",\"dateModified\":\"2025-04-10T14:33:40+00:00\",\"breadcrumb\":{\"@id\":\"https:\/\/ceremoniesbysophia.com\/privacypolicy\/#breadcrumb\"},\"inLanguage\":\"de-AT\",\"potentialAction\":[{\"@type\":\"ReadAction\",\"target\":[\"https:\/\/ceremoniesbysophia.com\/privacypolicy\/\"]}]},{\"@type\":\"BreadcrumbList\",\"@id\":\"https:\/\/ceremoniesbysophia.com\/privacypolicy\/#breadcrumb\",\"itemListElement\":[{\"@type\":\"ListItem\",\"position\":1,\"name\":\"Startseite\",\"item\":\"https:\/\/ceremoniesbysophia.com\/\"},{\"@type\":\"ListItem\",\"position\":2,\"name\":\"Privacy Policy\"}]},{\"@type\":\"WebSite\",\"@id\":\"https:\/\/ceremoniesbysophia.com\/#website\",\"url\":\"https:\/\/ceremoniesbysophia.com\/\",\"name\":\"Ceremonies by Sophia\",\"description\":\"Wedding Officiant\",\"publisher\":{\"@id\":\"https:\/\/ceremoniesbysophia.com\/#\/schema\/person\/93f7532fe9ab186362f71ed3a76c65e3\"},\"potentialAction\":[{\"@type\":\"SearchAction\",\"target\":{\"@type\":\"EntryPoint\",\"urlTemplate\":\"https:\/\/ceremoniesbysophia.com\/?s={search_term_string}\"},\"query-input\":{\"@type\":\"PropertyValueSpecification\",\"valueRequired\":true,\"valueName\":\"search_term_string\"}}],\"inLanguage\":\"de-AT\"},{\"@type\":[\"Person\",\"Organization\"],\"@id\":\"https:\/\/ceremoniesbysophia.com\/#\/schema\/person\/93f7532fe9ab186362f71ed3a76c65e3\",\"name\":\"Sophia\",\"image\":{\"@type\":\"ImageObject\",\"inLanguage\":\"de-AT\",\"@id\":\"https:\/\/ceremoniesbysophia.com\/#\/schema\/person\/image\/\",\"url\":\"http:\/\/ceremoniesbysophia.com\/wp-content\/uploads\/2025\/05\/cropped-Signet_black-Small.png\",\"contentUrl\":\"http:\/\/ceremoniesbysophia.com\/wp-content\/uploads\/2025\/05\/cropped-Signet_black-Small.png\",\"width\":512,\"height\":512,\"caption\":\"Sophia\"},\"logo\":{\"@id\":\"https:\/\/ceremoniesbysophia.com\/#\/schema\/person\/image\/\"},\"sameAs\":[\"http:\/\/ceremoniesbysophia.com\"]}]}<\/script>\n<!-- \/ Yoast SEO plugin. -->","yoast_head_json":{"title":"Privacy Policy - Ceremonies by Sophia","robots":{"index":"index","follow":"follow","max-snippet":"max-snippet:-1","max-image-preview":"max-image-preview:large","max-video-preview":"max-video-preview:-1"},"canonical":"https:\/\/ceremoniesbysophia.com\/de\/privacypolicy\/","og_locale":"de_DE","og_type":"article","og_title":"Privacy Policy - Ceremonies by Sophia","og_description":"Privacy Policy Effective as of: April 1st, 2025 Thank you for visiting our website.\u00a0Protecting your personal data is very important to us. We treat...","og_url":"https:\/\/ceremoniesbysophia.com\/de\/privacypolicy\/","og_site_name":"Ceremonies by Sophia","article_modified_time":"2025-04-10T14:33:40+00:00","twitter_card":"summary_large_image","twitter_misc":{"Gesch\u00e4tzte Lesezeit":"2 Minuten"},"schema":{"@context":"https:\/\/schema.org","@graph":[{"@type":"WebPage","@id":"https:\/\/ceremoniesbysophia.com\/privacypolicy\/","url":"https:\/\/ceremoniesbysophia.com\/privacypolicy\/","name":"Privacy Policy - Ceremonies by Sophia","isPartOf":{"@id":"https:\/\/ceremoniesbysophia.com\/#website"},"datePublished":"2025-02-06T18:24:42+00:00","dateModified":"2025-04-10T14:33:40+00:00","breadcrumb":{"@id":"https:\/\/ceremoniesbysophia.com\/privacypolicy\/#breadcrumb"},"inLanguage":"de-AT","potentialAction":[{"@type":"ReadAction","target":["https:\/\/ceremoniesbysophia.com\/privacypolicy\/"]}]},{"@type":"BreadcrumbList","@id":"https:\/\/ceremoniesbysophia.com\/privacypolicy\/#breadcrumb","itemListElement":[{"@type":"ListItem","position":1,"name":"Startseite","item":"https:\/\/ceremoniesbysophia.com\/"},{"@type":"ListItem","position":2,"name":"Privacy Policy"}]},{"@type":"WebSite","@id":"https:\/\/ceremoniesbysophia.com\/#website","url":"https:\/\/ceremoniesbysophia.com\/","name":"Ceremonies by Sophia","description":"Wedding Officiant","publisher":{"@id":"https:\/\/ceremoniesbysophia.com\/#\/schema\/person\/93f7532fe9ab186362f71ed3a76c65e3"},"potentialAction":[{"@type":"SearchAction","target":{"@type":"EntryPoint","urlTemplate":"https:\/\/ceremoniesbysophia.com\/?s={search_term_string}"},"query-input":{"@type":"PropertyValueSpecification","valueRequired":true,"valueName":"search_term_string"}}],"inLanguage":"de-AT"},{"@type":["Person","Organization"],"@id":"https:\/\/ceremoniesbysophia.com\/#\/schema\/person\/93f7532fe9ab186362f71ed3a76c65e3","name":"Sophia","image":{"@type":"ImageObject","inLanguage":"de-AT","@id":"https:\/\/ceremoniesbysophia.com\/#\/schema\/person\/image\/","url":"http:\/\/ceremoniesbysophia.com\/wp-content\/uploads\/2025\/05\/cropped-Signet_black-Small.png","contentUrl":"http:\/\/ceremoniesbysophia.com\/wp-content\/uploads\/2025\/05\/cropped-Signet_black-Small.png","width":512,"height":512,"caption":"Sophia"},"logo":{"@id":"https:\/\/ceremoniesbysophia.com\/#\/schema\/person\/image\/"},"sameAs":["http:\/\/ceremoniesbysophia.com"]}]}},"_links":{"self":[{"href":"https:\/\/ceremoniesbysophia.com\/de\/wp-json\/wp\/v2\/pages\/2709","targetHints":{"allow":["GET"]}}],"collection":[{"href":"https:\/\/ceremoniesbysophia.com\/de\/wp-json\/wp\/v2\/pages"}],"about":[{"href":"https:\/\/ceremoniesbysophia.com\/de\/wp-json\/wp\/v2\/types\/page"}],"author":[{"embeddable":true,"href":"https:\/\/ceremoniesbysophia.com\/de\/wp-json\/wp\/v2\/users\/1"}],"replies":[{"embeddable":true,"href":"https:\/\/ceremoniesbysophia.com\/de\/wp-json\/wp\/v2\/comments?post=2709"}],"version-history":[{"count":32,"href":"https:\/\/ceremoniesbysophia.com\/de\/wp-json\/wp\/v2\/pages\/2709\/revisions"}],"predecessor-version":[{"id":3174,"href":"https:\/\/ceremoniesbysophia.com\/de\/wp-json\/wp\/v2\/pages\/2709\/revisions\/3174"}],"wp:attachment":[{"href":"https:\/\/ceremoniesbysophia.com\/de\/wp-json\/wp\/v2\/media?parent=2709"}],"curies":[{"name":"wp","href":"https:\/\/api.w.org\/{rel}","templated":true}]}}