{"id":2688,"date":"2025-02-05T16:54:22","date_gmt":"2025-02-05T16:54:22","guid":{"rendered":"http:\/\/ceremoniesbysophia.com\/?page_id=2688"},"modified":"2025-04-10T14:32:39","modified_gmt":"2025-04-10T14:32:39","slug":"impressum","status":"publish","type":"page","link":"https:\/\/ceremoniesbysophia.com\/de\/impressum\/","title":{"rendered":"Impressum"},"content":{"rendered":"<div data-elementor-type=\"wp-page\" data-elementor-id=\"2688\" class=\"elementor elementor-2688\" data-elementor-post-type=\"page\">\n\t\t\t\t<div class=\"elementor-element elementor-element-2793974 e-flex e-con-boxed e-con e-parent\" data-id=\"2793974\" data-element_type=\"container\" data-e-type=\"container\">\n\t\t\t\t\t<div class=\"e-con-inner\">\n\t\t\t\t<div class=\"elementor-element elementor-element-2378a25 elementor-widget elementor-widget-spacer\" data-id=\"2378a25\" data-element_type=\"widget\" data-e-type=\"widget\" data-widget_type=\"spacer.default\">\n\t\t\t\t<div class=\"elementor-widget-container\">\n\t\t\t\t\t\t\t<div class=\"elementor-spacer\">\n\t\t\t<div class=\"elementor-spacer-inner\"><\/div>\n\t\t<\/div>\n\t\t\t\t\t\t<\/div>\n\t\t\t\t<\/div>\n\t\t\t\t\t<\/div>\n\t\t\t\t<\/div>\n\t\t<div class=\"elementor-element elementor-element-b639ad4 e-flex e-con-boxed e-con e-parent\" data-id=\"b639ad4\" data-element_type=\"container\" data-e-type=\"container\">\n\t\t\t\t\t<div class=\"e-con-inner\">\n\t\t\t\t<div class=\"elementor-element elementor-element-1a3bd42 elementor-widget elementor-widget-heading\" data-id=\"1a3bd42\" data-element_type=\"widget\" data-e-type=\"widget\" data-widget_type=\"heading.default\">\n\t\t\t\t<div class=\"elementor-widget-container\">\n\t\t\t\t\t<h2 class=\"elementor-heading-title elementor-size-default\">Impressum<\/h2>\t\t\t\t<\/div>\n\t\t\t\t<\/div>\n\t\t\t\t\t<\/div>\n\t\t\t\t<\/div>\n\t\t<div class=\"elementor-element elementor-element-beb4f66 e-flex e-con-boxed e-con e-parent\" data-id=\"beb4f66\" data-element_type=\"container\" data-e-type=\"container\">\n\t\t\t\t\t<div class=\"e-con-inner\">\n\t\t\t\t<div class=\"elementor-element elementor-element-5d50850 elementor-widget elementor-widget-text-editor\" data-id=\"5d50850\" data-element_type=\"widget\" data-e-type=\"widget\" data-widget_type=\"text-editor.default\">\n\t\t\t\t<div class=\"elementor-widget-container\">\n\t\t\t\t\t\t\t\t\t<p><strong>Rechtsform<\/strong><br \/>Sophia Holzer e.U.<br \/>Einzelunternehmen<\/p><p><b>Firmenbuchnummer<br \/><\/b>&#8211;<\/p><p><strong>Firmenbuchgericht<br \/>&#8211;<\/strong><\/p><p><strong>Firmenstandort<\/strong><br \/>Ungargasse 4\/2\/1<br \/>1030 Wien<\/p><p><b>Kontakt<br \/><\/b>Tel.: +43 664 251 42 82<br \/>E-Mail: ceremoniesbys@gmail.com<\/p><p><b>Umsatzsteuer-ID<br \/><\/b>Umsatzsteuer-Identifikationsnummer gem\u00e4\u00df \u00a7 27 a Umsatzsteuergesetz:<br \/>&#8211;<b><\/b><\/p><p><b>EU-Streitschlichtung<br \/><\/b>Gem\u00e4\u00df Verordnung \u00fcber Online-Streitbeilegung in Verbraucherangelegenheiten (ODR-Verordnung) m\u00f6chte ich Dich \u00fcber die Online-Streitbeilegungsplattform (OS-Plattform) informieren.<br data-start=\"805\" data-end=\"808\" \/>Verbraucher haben die M\u00f6glichkeit, Beschwerden an die Online Streitbeilegungsplattform der Europ\u00e4ischen Kommission unter<br data-start=\"865\" data-end=\"868\" \/><a class=\"\" href=\"https:\/\/ec.europa.eu\/consumers\/odr\" target=\"_new\" rel=\"noopener\" data-start=\"868\" data-end=\"940\">https:\/\/ec.europa.eu\/consumers\/odr<\/a><\/p><p class=\"adsimple-122811322\">Ich m\u00f6chte Dich jedoch darauf hinweisen, dass ich nicht bereit oder verpflichtet bin, an Streitbeilegungsverfahren vor einer Verbraucherschlichtungsstelle teilzunehmen.<\/p><p class=\"adsimple-122811322\"><b>Haftung f\u00fcr Inhalte<br \/><\/b>Als Diensteanbieter bin ich gem\u00e4\u00df \u00a7 7 Abs.1 TMG f\u00fcr eigene Inhalte auf diesen Seiten nach den allgemeinen Gesetzen verantwortlich. Nach \u00a7\u00a7 8 bis 10 TMG bin ich als Diensteanbieter jedoch nicht verpflichtet, \u00fcbermittelte oder gespeicherte fremde Informationen zu \u00fcberwachen oder nach Umst\u00e4nden zu forschen, die auf eine rechtswidrige T\u00e4tigkeit hinweisen.<br \/>Verpflichtungen zur Entfernung oder Sperrung der Nutzung von Informationen nach den allgemeinen Gesetzen bleiben hiervon unber\u00fchrt. Eine diesbez\u00fcgliche Haftung ist jedoch erst ab dem Zeitpunkt der Kenntnis einer konkreten Rechtsverletzung m\u00f6glich. Bei Bekanntwerden von entsprechenden Rechtsverletzungen werde ich diese Inhalte umgehend entfernen.<\/p><p><b>Haftung f\u00fcr Links<br \/><\/b>Unser Angebot enth\u00e4lt Links zu externen Websites Dritter, auf deren Inhalte wir keinen Einfluss haben. Deshalb k\u00f6nnen wir f\u00fcr diese fremden Inhalte auch keine Gew\u00e4hr \u00fcbernehmen. F\u00fcr die Inhalte der verlinkten Seiten ist stets der jeweilige Anbieter oder Betreiber der Seiten verantwortlich.<br \/>Die verlinkten Seiten wurden zum Zeitpunkt der Verlinkung auf m\u00f6gliche Rechtsverst\u00f6\u00dfe \u00fcberpr\u00fcft. Rechtswidrige Inhalte waren zum Zeitpunkt der Verlinkung nicht erkennbar.Eine permanente inhaltliche Kontrolle der verlinkten Seiten ist jedoch ohne konkrete Anhaltspunkte einer Rechtsverletzung nicht zumutbar. Bei Bekanntwerden von Rechtsverletzungen werde ich derartige Links umgehend entfernen.<\/p><p><b>Urheberrecht<br \/><\/b>Die durch die Seitenbetreiber erstellten Inhalte und Werke auf diesen Seiten unterliegen dem Urheberrecht. Die Vervielf\u00e4ltigung, Bearbeitung, Verbreitung und jede Art der Verwertung au\u00dferhalb der Grenzen des Urheberrechtes bed\u00fcrfen der schriftlichen Zustimmung des jeweiligen Autors bzw. Erstellers. Downloads und Kopien dieser Seite sind nur f\u00fcr den privaten, nicht kommerziellen Gebrauch gestattet.<\/p><p>Soweit die Inhalte auf dieser Seite nicht vom Betreiber erstellt wurden, werden die Urheberrechte Dritter beachtet. Insbesondere werden Inhalte Dritter als solche gekennzeichnet. Sollten Sie trotzdem auf eine Urheberrechtsverletzung aufmerksam werden, bitte ich um einen entsprechenden Hinweis. Bei Bekanntwerden von Rechtsverletzungen werde ich derartige Inhalte umgehend entfernen.<\/p><p>Quelle: www.wko.at<\/p>\t\t\t\t\t\t\t\t<\/div>\n\t\t\t\t<\/div>\n\t\t\t\t\t<\/div>\n\t\t\t\t<\/div>\n\t\t<div class=\"elementor-element elementor-element-c3e9cc5 e-flex e-con-boxed e-con e-parent\" data-id=\"c3e9cc5\" data-element_type=\"container\" data-e-type=\"container\">\n\t\t\t\t\t<div class=\"e-con-inner\">\n\t\t\t\t<div class=\"elementor-element elementor-element-d70b6c6 elementor-widget elementor-widget-spacer\" data-id=\"d70b6c6\" data-element_type=\"widget\" data-e-type=\"widget\" data-widget_type=\"spacer.default\">\n\t\t\t\t<div class=\"elementor-widget-container\">\n\t\t\t\t\t\t\t<div class=\"elementor-spacer\">\n\t\t\t<div class=\"elementor-spacer-inner\"><\/div>\n\t\t<\/div>\n\t\t\t\t\t\t<\/div>\n\t\t\t\t<\/div>\n\t\t\t\t\t<\/div>\n\t\t\t\t<\/div>\n\t\t\t\t<\/div>","protected":false},"excerpt":{"rendered":"<p>Impressum Legal form:Sophia Holzer e.U.Sole Proprietorship Company Registration Number:&#8211; Commercial Court:&#8211; Business Address:Ungargasse 4\/2\/11030 Vienna ContactPhone: +43 664 251 42 82E-Mail: ceremoniesbys@gmail.com VAT-IDVAT identification&#8230;<\/p>","protected":false},"author":1,"featured_media":0,"parent":0,"menu_order":0,"comment_status":"closed","ping_status":"closed","template":"","meta":{"_acf_changed":false,"footnotes":""},"class_list":["post-2688","page","type-page","status-publish","hentry"],"acf":[],"yoast_head":"<!-- This site is optimized with the Yoast SEO plugin v26.8 - https:\/\/yoast.com\/product\/yoast-seo-wordpress\/ -->\n<title>Impressum - Ceremonies by Sophia<\/title>\n<meta name=\"robots\" content=\"index, follow, max-snippet:-1, max-image-preview:large, max-video-preview:-1\" \/>\n<link rel=\"canonical\" href=\"https:\/\/ceremoniesbysophia.com\/de\/impressum\/\" \/>\n<meta property=\"og:locale\" content=\"de_DE\" \/>\n<meta property=\"og:type\" content=\"article\" \/>\n<meta property=\"og:title\" content=\"Impressum - Ceremonies by Sophia\" \/>\n<meta property=\"og:description\" content=\"Impressum Legal form:Sophia Holzer e.U.Sole Proprietorship Company Registration Number:&#8211; Commercial Court:&#8211; Business Address:Ungargasse 4\/2\/11030 Vienna ContactPhone: +43 664 251 42 82E-Mail: ceremoniesbys@gmail.com VAT-IDVAT identification...\" \/>\n<meta property=\"og:url\" content=\"https:\/\/ceremoniesbysophia.com\/de\/impressum\/\" \/>\n<meta property=\"og:site_name\" content=\"Ceremonies by Sophia\" \/>\n<meta property=\"article:modified_time\" content=\"2025-04-10T14:32:39+00:00\" \/>\n<meta name=\"twitter:card\" content=\"summary_large_image\" \/>\n<meta name=\"twitter:label1\" content=\"Gesch\u00e4tzte Lesezeit\" \/>\n\t<meta name=\"twitter:data1\" content=\"2 Minuten\" \/>\n<script type=\"application\/ld+json\" class=\"yoast-schema-graph\">{\"@context\":\"https:\/\/schema.org\",\"@graph\":[{\"@type\":\"WebPage\",\"@id\":\"https:\/\/ceremoniesbysophia.com\/impressum\/\",\"url\":\"https:\/\/ceremoniesbysophia.com\/impressum\/\",\"name\":\"Impressum - Ceremonies by Sophia\",\"isPartOf\":{\"@id\":\"https:\/\/ceremoniesbysophia.com\/#website\"},\"datePublished\":\"2025-02-05T16:54:22+00:00\",\"dateModified\":\"2025-04-10T14:32:39+00:00\",\"breadcrumb\":{\"@id\":\"https:\/\/ceremoniesbysophia.com\/impressum\/#breadcrumb\"},\"inLanguage\":\"de-AT\",\"potentialAction\":[{\"@type\":\"ReadAction\",\"target\":[\"https:\/\/ceremoniesbysophia.com\/impressum\/\"]}]},{\"@type\":\"BreadcrumbList\",\"@id\":\"https:\/\/ceremoniesbysophia.com\/impressum\/#breadcrumb\",\"itemListElement\":[{\"@type\":\"ListItem\",\"position\":1,\"name\":\"Startseite\",\"item\":\"https:\/\/ceremoniesbysophia.com\/\"},{\"@type\":\"ListItem\",\"position\":2,\"name\":\"Impressum\"}]},{\"@type\":\"WebSite\",\"@id\":\"https:\/\/ceremoniesbysophia.com\/#website\",\"url\":\"https:\/\/ceremoniesbysophia.com\/\",\"name\":\"Ceremonies by Sophia\",\"description\":\"Wedding Officiant\",\"publisher\":{\"@id\":\"https:\/\/ceremoniesbysophia.com\/#\/schema\/person\/93f7532fe9ab186362f71ed3a76c65e3\"},\"potentialAction\":[{\"@type\":\"SearchAction\",\"target\":{\"@type\":\"EntryPoint\",\"urlTemplate\":\"https:\/\/ceremoniesbysophia.com\/?s={search_term_string}\"},\"query-input\":{\"@type\":\"PropertyValueSpecification\",\"valueRequired\":true,\"valueName\":\"search_term_string\"}}],\"inLanguage\":\"de-AT\"},{\"@type\":[\"Person\",\"Organization\"],\"@id\":\"https:\/\/ceremoniesbysophia.com\/#\/schema\/person\/93f7532fe9ab186362f71ed3a76c65e3\",\"name\":\"Sophia\",\"image\":{\"@type\":\"ImageObject\",\"inLanguage\":\"de-AT\",\"@id\":\"https:\/\/ceremoniesbysophia.com\/#\/schema\/person\/image\/\",\"url\":\"http:\/\/ceremoniesbysophia.com\/wp-content\/uploads\/2025\/05\/cropped-Signet_black-Small.png\",\"contentUrl\":\"http:\/\/ceremoniesbysophia.com\/wp-content\/uploads\/2025\/05\/cropped-Signet_black-Small.png\",\"width\":512,\"height\":512,\"caption\":\"Sophia\"},\"logo\":{\"@id\":\"https:\/\/ceremoniesbysophia.com\/#\/schema\/person\/image\/\"},\"sameAs\":[\"http:\/\/ceremoniesbysophia.com\"]}]}<\/script>\n<!-- \/ Yoast SEO plugin. -->","yoast_head_json":{"title":"Impressum - Ceremonies by Sophia","robots":{"index":"index","follow":"follow","max-snippet":"max-snippet:-1","max-image-preview":"max-image-preview:large","max-video-preview":"max-video-preview:-1"},"canonical":"https:\/\/ceremoniesbysophia.com\/de\/impressum\/","og_locale":"de_DE","og_type":"article","og_title":"Impressum - Ceremonies by Sophia","og_description":"Impressum Legal form:Sophia Holzer e.U.Sole Proprietorship Company Registration Number:&#8211; Commercial Court:&#8211; Business Address:Ungargasse 4\/2\/11030 Vienna ContactPhone: +43 664 251 42 82E-Mail: ceremoniesbys@gmail.com VAT-IDVAT identification...","og_url":"https:\/\/ceremoniesbysophia.com\/de\/impressum\/","og_site_name":"Ceremonies by Sophia","article_modified_time":"2025-04-10T14:32:39+00:00","twitter_card":"summary_large_image","twitter_misc":{"Gesch\u00e4tzte Lesezeit":"2 Minuten"},"schema":{"@context":"https:\/\/schema.org","@graph":[{"@type":"WebPage","@id":"https:\/\/ceremoniesbysophia.com\/impressum\/","url":"https:\/\/ceremoniesbysophia.com\/impressum\/","name":"Impressum - Ceremonies by Sophia","isPartOf":{"@id":"https:\/\/ceremoniesbysophia.com\/#website"},"datePublished":"2025-02-05T16:54:22+00:00","dateModified":"2025-04-10T14:32:39+00:00","breadcrumb":{"@id":"https:\/\/ceremoniesbysophia.com\/impressum\/#breadcrumb"},"inLanguage":"de-AT","potentialAction":[{"@type":"ReadAction","target":["https:\/\/ceremoniesbysophia.com\/impressum\/"]}]},{"@type":"BreadcrumbList","@id":"https:\/\/ceremoniesbysophia.com\/impressum\/#breadcrumb","itemListElement":[{"@type":"ListItem","position":1,"name":"Startseite","item":"https:\/\/ceremoniesbysophia.com\/"},{"@type":"ListItem","position":2,"name":"Impressum"}]},{"@type":"WebSite","@id":"https:\/\/ceremoniesbysophia.com\/#website","url":"https:\/\/ceremoniesbysophia.com\/","name":"Ceremonies by Sophia","description":"Wedding Officiant","publisher":{"@id":"https:\/\/ceremoniesbysophia.com\/#\/schema\/person\/93f7532fe9ab186362f71ed3a76c65e3"},"potentialAction":[{"@type":"SearchAction","target":{"@type":"EntryPoint","urlTemplate":"https:\/\/ceremoniesbysophia.com\/?s={search_term_string}"},"query-input":{"@type":"PropertyValueSpecification","valueRequired":true,"valueName":"search_term_string"}}],"inLanguage":"de-AT"},{"@type":["Person","Organization"],"@id":"https:\/\/ceremoniesbysophia.com\/#\/schema\/person\/93f7532fe9ab186362f71ed3a76c65e3","name":"Sophia","image":{"@type":"ImageObject","inLanguage":"de-AT","@id":"https:\/\/ceremoniesbysophia.com\/#\/schema\/person\/image\/","url":"http:\/\/ceremoniesbysophia.com\/wp-content\/uploads\/2025\/05\/cropped-Signet_black-Small.png","contentUrl":"http:\/\/ceremoniesbysophia.com\/wp-content\/uploads\/2025\/05\/cropped-Signet_black-Small.png","width":512,"height":512,"caption":"Sophia"},"logo":{"@id":"https:\/\/ceremoniesbysophia.com\/#\/schema\/person\/image\/"},"sameAs":["http:\/\/ceremoniesbysophia.com"]}]}},"_links":{"self":[{"href":"https:\/\/ceremoniesbysophia.com\/de\/wp-json\/wp\/v2\/pages\/2688","targetHints":{"allow":["GET"]}}],"collection":[{"href":"https:\/\/ceremoniesbysophia.com\/de\/wp-json\/wp\/v2\/pages"}],"about":[{"href":"https:\/\/ceremoniesbysophia.com\/de\/wp-json\/wp\/v2\/types\/page"}],"author":[{"embeddable":true,"href":"https:\/\/ceremoniesbysophia.com\/de\/wp-json\/wp\/v2\/users\/1"}],"replies":[{"embeddable":true,"href":"https:\/\/ceremoniesbysophia.com\/de\/wp-json\/wp\/v2\/comments?post=2688"}],"version-history":[{"count":44,"href":"https:\/\/ceremoniesbysophia.com\/de\/wp-json\/wp\/v2\/pages\/2688\/revisions"}],"predecessor-version":[{"id":3171,"href":"https:\/\/ceremoniesbysophia.com\/de\/wp-json\/wp\/v2\/pages\/2688\/revisions\/3171"}],"wp:attachment":[{"href":"https:\/\/ceremoniesbysophia.com\/de\/wp-json\/wp\/v2\/media?parent=2688"}],"curies":[{"name":"wp","href":"https:\/\/api.w.org\/{rel}","templated":true}]}}