{"id":2150,"date":"2024-02-05T15:03:16","date_gmt":"2024-02-05T15:03:16","guid":{"rendered":"https:\/\/promo-theme.com\/weddphy\/?page_id=2150"},"modified":"2025-05-05T11:33:00","modified_gmt":"2025-05-05T11:33:00","slug":"aboutme","status":"publish","type":"page","link":"https:\/\/ceremoniesbysophia.com\/de\/aboutme\/","title":{"rendered":"\u00dcber Mich"},"content":{"rendered":"<div data-elementor-type=\"wp-page\" data-elementor-id=\"2150\" class=\"elementor elementor-2150\" data-elementor-post-type=\"page\">\n\t\t\t\t<div class=\"elementor-element elementor-element-6a01570 e-con-full e-flex e-con e-parent\" data-id=\"6a01570\" data-element_type=\"container\" data-e-type=\"container\">\n\t\t\t\t<div class=\"elementor-element elementor-element-e24a337 elementor-widget elementor-widget-spacer\" data-id=\"e24a337\" data-element_type=\"widget\" data-e-type=\"widget\" data-widget_type=\"spacer.default\">\n\t\t\t\t<div class=\"elementor-widget-container\">\n\t\t\t\t\t\t\t<div class=\"elementor-spacer\">\n\t\t\t<div class=\"elementor-spacer-inner\"><\/div>\n\t\t<\/div>\n\t\t\t\t\t\t<\/div>\n\t\t\t\t<\/div>\n\t\t\t\t<div class=\"elementor-element elementor-element-9f855cc e-transform elementor-widget elementor-widget-pt-split-screen\" data-id=\"9f855cc\" data-element_type=\"widget\" data-e-type=\"widget\" data-settings=\"{&quot;_transform_rotateZ_effect&quot;:{&quot;unit&quot;:&quot;px&quot;,&quot;size&quot;:&quot;&quot;,&quot;sizes&quot;:[]},&quot;_transform_rotateZ_effect_tablet&quot;:{&quot;unit&quot;:&quot;deg&quot;,&quot;size&quot;:&quot;&quot;,&quot;sizes&quot;:[]},&quot;_transform_rotateZ_effect_mobile&quot;:{&quot;unit&quot;:&quot;deg&quot;,&quot;size&quot;:&quot;&quot;,&quot;sizes&quot;:[]}}\" data-widget_type=\"pt-split-screen.default\">\n\t\t\t\t<div class=\"elementor-widget-container\">\n\t\t\t\t\t\t\t<div class=\"split-screen yes\">\n\t\t\t\t\t\t\t<div class=\"item\">\n\t\t\t\t\t<div class=\"image\">\n\t\t\t\t\t\t\t\t\t\t\t\t\t<div class=\"img-item\" style=\"background-image: url(https:\/\/ceremoniesbysophia.com\/wp-content\/uploads\/2025\/05\/sophia-portrait-e1746443051737.jpeg);\"><\/div>\n\t\t\t\t\t\t\t\t\t\t\t<\/div>\n\t\t\t\t\t<div class=\"content\">\n\t\t\t\t\t\t<div class=\"cell\">\n\t\t\t\t\t\t\t\t\t<div data-elementor-type=\"section\" data-elementor-id=\"2646\" class=\"elementor elementor-2646\" data-elementor-post-type=\"elementor_library\">\n\t\t\t<div class=\"elementor-element elementor-element-1dc15ed6 e-flex e-con-boxed e-con e-parent\" data-id=\"1dc15ed6\" data-element_type=\"container\" data-e-type=\"container\">\n\t\t\t\t\t<div class=\"e-con-inner\">\n\t\t\t\t<div class=\"elementor-element elementor-element-25c662e4 elementor-widget elementor-widget-pt-heading\" data-id=\"25c662e4\" data-element_type=\"widget\" data-e-type=\"widget\" data-widget_type=\"pt-heading.default\">\n\t\t\t\t<div class=\"elementor-widget-container\">\n\t\t\t\t\t\n\t\t<div class=\"pt-heading text-align-\">\n\t\t\t\t\t\t\t<p class=\"pt-heading-subtitle\">Sophia bei der Arbeit<\/p>\n\t\t\t\n\t\t\t\t\t\t\t<h2 class=\"pt-heading-title h2\">\n\t\t\t\t\tWriter. Storyteller.<br \/>\nRomantic at heart.\t\t\t\t<\/h2>\n\t\t\t\n\t\t\t\t\t<\/div>\n\n\t\t\t\t\t\t<\/div>\n\t\t\t\t<\/div>\n\t\t\t\t<div class=\"elementor-element elementor-element-44b5b5e8 elementor-widget elementor-widget-text-editor\" data-id=\"44b5b5e8\" data-element_type=\"widget\" data-e-type=\"widget\" data-widget_type=\"text-editor.default\">\n\t\t\t\t<div class=\"elementor-widget-container\">\n\t\t\t\t\t\t\t\t\t<p>Vor ein paar Jahren hatte ich einen Podcast als kreativen Ausgleich \u2013 ich habe es geliebt, mit Worten, meiner Stimme und ihrem Klang zu spielen. Da ich ein Herz f\u00fcr Romantik habe und es mir am Herzen liegt, einzigartige Momente zu schaffen, f\u00fchrte dies dazu, Liebesgeschichten zu erz\u00e4hlen.<br \/>Ich finde, eure Zeremonie sollte mehr sein als nur sch\u00f6ne Worte \u2013 sie sollte ein echtes Erlebnis sein. <br \/><br \/>Mein Ansatz ist pers\u00f6nlich, herzlich und tief intuitiv \u2013 so wird euer Hochzeitstag zu einem echten Spiegel eurer Pers\u00f6nlichkeit.<br \/>Ich bringe eine moderne, entspannte und zugleich elegante Note in meine Zeremonien. Ob intim, unkonventionell oder ganz individuell \u2013 ich bin da, um mit euch zu feiern, so wie ihr es an eurem besonderen Tag verdient.<\/p>\t\t\t\t\t\t\t\t<\/div>\n\t\t\t\t<\/div>\n\t\t\t\t\t<\/div>\n\t\t\t\t<\/div>\n\t\t\t\t<\/div>\n\t\t\t\t\t\t\t\t<\/div>\n\t\t\t\t\t<\/div>\n\t\t\t\t<\/div>\n\t\t\t\t\t\t\t<div class=\"item\">\n\t\t\t\t\t<div class=\"image\">\n\t\t\t\t\t\t\t\t\t\t\t\t\t<div class=\"img-item\" style=\"background-image: url(https:\/\/ceremoniesbysophia.com\/wp-content\/uploads\/2025\/05\/IMG_2094.jpg);\"><\/div>\n\t\t\t\t\t\t\t\t\t\t\t<\/div>\n\t\t\t\t\t<div class=\"content\">\n\t\t\t\t\t\t<div class=\"cell\">\n\t\t\t\t\t\t\t\t\t<div data-elementor-type=\"section\" data-elementor-id=\"2649\" class=\"elementor elementor-2649\" data-elementor-post-type=\"elementor_library\">\n\t\t\t<div class=\"elementor-element elementor-element-567b3ce4 e-con-full e-flex e-con e-parent\" data-id=\"567b3ce4\" data-element_type=\"container\" data-e-type=\"container\">\n\t\t\t\t<div class=\"elementor-element elementor-element-639bd0c2 elementor-widget elementor-widget-pt-heading\" data-id=\"639bd0c2\" data-element_type=\"widget\" data-e-type=\"widget\" data-widget_type=\"pt-heading.default\">\n\t\t\t\t<div class=\"elementor-widget-container\">\n\t\t\t\t\t\n\t\t<div class=\"pt-heading text-align-\">\n\t\t\t\t\t\t\t<p class=\"pt-heading-subtitle\">Sophia Privat<\/p>\n\t\t\t\n\t\t\t\t\t\t\t<h2 class=\"pt-heading-title h2\">\n\t\t\t\t\tTr\u00e4umer. Taucher.<br \/>\nGelegenheits-Draufg\u00e4ngerin<br \/>\n\t\t\t\t<\/h2>\n\t\t\t\n\t\t\t\t\t<\/div>\n\n\t\t\t\t\t\t<\/div>\n\t\t\t\t<\/div>\n\t\t\t\t<div class=\"elementor-element elementor-element-6009210 elementor-widget elementor-widget-text-editor\" data-id=\"6009210\" data-element_type=\"widget\" data-e-type=\"widget\" data-widget_type=\"text-editor.default\">\n\t\t\t\t<div class=\"elementor-widget-container\">\n\t\t\t\t\t\t\t\t\t<p data-start=\"652\" data-end=\"857\">Seit ich etwa 17 war, ist das Reisen ein gro\u00dfer Teil meines Lebens. Neue Orte zu entdecken, inspirierende Menschen zu treffen und frische Perspektiven aufzusaugen \u2013 all das hat meine Welt und mich als Mensch gepr\u00e4gt. <br \/>Auf Reisen ist, wo ich angefangen habe gro\u00df zu tr\u00e4umen.<\/p><p data-start=\"859\" data-end=\"1150\">Die Natur ist mein bester Reset-Knopf \u2013 ich bin ein Sonnenkind, von Natur aus mit einem L\u00e4cheln unterwegs und am gl\u00fccklichsten bei 26 Grad und einer leichten Brise. Wenn ich mal nicht an Land bin, findet man mich am liebsten unter Wasser \u2013 beim Tauchen. Ich bin definitiv ein Fan von Adrenalin und f\u00fcr allerlei Abenteuer zu haben. Versuchungen? Bin ich schnell mal erlegen. Meine Freunde w\u00fcrden mich wohl als Gelegenheit-Rebel bezeichnen \u2013 aber wie ihr inzwischen wisst, liebe ich es, Geschichten zu erz\u00e4hlen. Und jemand muss sie ja zuerst erleben ; )<\/p>\t\t\t\t\t\t\t\t<\/div>\n\t\t\t\t<\/div>\n\t\t\t\t<\/div>\n\t\t\t\t<\/div>\n\t\t\t\t\t\t\t\t<\/div>\n\t\t\t\t\t<\/div>\n\t\t\t\t<\/div>\n\t\t\t\t\t<\/div>\n\t\t\t\t\t\t<\/div>\n\t\t\t\t<\/div>\n\t\t\t\t<\/div>\n\t\t<div class=\"elementor-element elementor-element-f023d8e e-flex e-con-boxed e-con e-parent\" data-id=\"f023d8e\" data-element_type=\"container\" data-e-type=\"container\">\n\t\t\t\t\t<div class=\"e-con-inner\">\n\t\t\t\t\t<\/div>\n\t\t\t\t<\/div>\n\t\t\t\t<\/div>","protected":false},"excerpt":{"rendered":"<p>Sophia at work Writer. Storyteller. Romantic at heart. A couple years back, I used to have a podcast as my creative outlet. I enjoyed&#8230;<\/p>","protected":false},"author":1,"featured_media":0,"parent":0,"menu_order":0,"comment_status":"closed","ping_status":"closed","template":"","meta":{"_acf_changed":false,"footnotes":""},"class_list":["post-2150","page","type-page","status-publish","hentry"],"acf":[],"yoast_head":"<!-- This site is optimized with the Yoast SEO plugin v26.8 - https:\/\/yoast.com\/product\/yoast-seo-wordpress\/ -->\n<title>About Me - Ceremonies by Sophia<\/title>\n<meta name=\"robots\" content=\"index, follow, max-snippet:-1, max-image-preview:large, max-video-preview:-1\" \/>\n<link rel=\"canonical\" href=\"https:\/\/ceremoniesbysophia.com\/de\/aboutme\/\" \/>\n<meta property=\"og:locale\" content=\"de_DE\" \/>\n<meta property=\"og:type\" content=\"article\" \/>\n<meta property=\"og:title\" content=\"About Me - Ceremonies by Sophia\" \/>\n<meta property=\"og:description\" content=\"Sophia at work Writer. Storyteller. Romantic at heart. A couple years back, I used to have a podcast as my creative outlet. I enjoyed...\" \/>\n<meta property=\"og:url\" content=\"https:\/\/ceremoniesbysophia.com\/de\/aboutme\/\" \/>\n<meta property=\"og:site_name\" content=\"Ceremonies by Sophia\" \/>\n<meta property=\"article:modified_time\" content=\"2025-05-05T11:33:00+00:00\" \/>\n<meta name=\"twitter:card\" content=\"summary_large_image\" \/>\n<meta name=\"twitter:label1\" content=\"Gesch\u00e4tzte Lesezeit\" \/>\n\t<meta name=\"twitter:data1\" content=\"1 Minute\" \/>\n<script type=\"application\/ld+json\" class=\"yoast-schema-graph\">{\"@context\":\"https:\/\/schema.org\",\"@graph\":[{\"@type\":\"WebPage\",\"@id\":\"https:\/\/ceremoniesbysophia.com\/de\/aboutme\/\",\"url\":\"https:\/\/ceremoniesbysophia.com\/de\/aboutme\/\",\"name\":\"About Me - Ceremonies by Sophia\",\"isPartOf\":{\"@id\":\"https:\/\/ceremoniesbysophia.com\/#website\"},\"datePublished\":\"2024-02-05T15:03:16+00:00\",\"dateModified\":\"2025-05-05T11:33:00+00:00\",\"breadcrumb\":{\"@id\":\"https:\/\/ceremoniesbysophia.com\/de\/aboutme\/#breadcrumb\"},\"inLanguage\":\"de-AT\",\"potentialAction\":[{\"@type\":\"ReadAction\",\"target\":[\"https:\/\/ceremoniesbysophia.com\/de\/aboutme\/\"]}]},{\"@type\":\"BreadcrumbList\",\"@id\":\"https:\/\/ceremoniesbysophia.com\/de\/aboutme\/#breadcrumb\",\"itemListElement\":[{\"@type\":\"ListItem\",\"position\":1,\"name\":\"Startseite\",\"item\":\"https:\/\/ceremoniesbysophia.com\/\"},{\"@type\":\"ListItem\",\"position\":2,\"name\":\"About Me\"}]},{\"@type\":\"WebSite\",\"@id\":\"https:\/\/ceremoniesbysophia.com\/#website\",\"url\":\"https:\/\/ceremoniesbysophia.com\/\",\"name\":\"Ceremonies by Sophia\",\"description\":\"Wedding Officiant\",\"publisher\":{\"@id\":\"https:\/\/ceremoniesbysophia.com\/#\/schema\/person\/93f7532fe9ab186362f71ed3a76c65e3\"},\"potentialAction\":[{\"@type\":\"SearchAction\",\"target\":{\"@type\":\"EntryPoint\",\"urlTemplate\":\"https:\/\/ceremoniesbysophia.com\/?s={search_term_string}\"},\"query-input\":{\"@type\":\"PropertyValueSpecification\",\"valueRequired\":true,\"valueName\":\"search_term_string\"}}],\"inLanguage\":\"de-AT\"},{\"@type\":[\"Person\",\"Organization\"],\"@id\":\"https:\/\/ceremoniesbysophia.com\/#\/schema\/person\/93f7532fe9ab186362f71ed3a76c65e3\",\"name\":\"Sophia\",\"image\":{\"@type\":\"ImageObject\",\"inLanguage\":\"de-AT\",\"@id\":\"https:\/\/ceremoniesbysophia.com\/#\/schema\/person\/image\/\",\"url\":\"http:\/\/ceremoniesbysophia.com\/wp-content\/uploads\/2025\/05\/cropped-Signet_black-Small.png\",\"contentUrl\":\"http:\/\/ceremoniesbysophia.com\/wp-content\/uploads\/2025\/05\/cropped-Signet_black-Small.png\",\"width\":512,\"height\":512,\"caption\":\"Sophia\"},\"logo\":{\"@id\":\"https:\/\/ceremoniesbysophia.com\/#\/schema\/person\/image\/\"},\"sameAs\":[\"http:\/\/ceremoniesbysophia.com\"]}]}<\/script>\n<!-- \/ Yoast SEO plugin. -->","yoast_head_json":{"title":"About Me - Ceremonies by Sophia","robots":{"index":"index","follow":"follow","max-snippet":"max-snippet:-1","max-image-preview":"max-image-preview:large","max-video-preview":"max-video-preview:-1"},"canonical":"https:\/\/ceremoniesbysophia.com\/de\/aboutme\/","og_locale":"de_DE","og_type":"article","og_title":"About Me - Ceremonies by Sophia","og_description":"Sophia at work Writer. Storyteller. Romantic at heart. A couple years back, I used to have a podcast as my creative outlet. I enjoyed...","og_url":"https:\/\/ceremoniesbysophia.com\/de\/aboutme\/","og_site_name":"Ceremonies by Sophia","article_modified_time":"2025-05-05T11:33:00+00:00","twitter_card":"summary_large_image","twitter_misc":{"Gesch\u00e4tzte Lesezeit":"1 Minute"},"schema":{"@context":"https:\/\/schema.org","@graph":[{"@type":"WebPage","@id":"https:\/\/ceremoniesbysophia.com\/de\/aboutme\/","url":"https:\/\/ceremoniesbysophia.com\/de\/aboutme\/","name":"About Me - Ceremonies by Sophia","isPartOf":{"@id":"https:\/\/ceremoniesbysophia.com\/#website"},"datePublished":"2024-02-05T15:03:16+00:00","dateModified":"2025-05-05T11:33:00+00:00","breadcrumb":{"@id":"https:\/\/ceremoniesbysophia.com\/de\/aboutme\/#breadcrumb"},"inLanguage":"de-AT","potentialAction":[{"@type":"ReadAction","target":["https:\/\/ceremoniesbysophia.com\/de\/aboutme\/"]}]},{"@type":"BreadcrumbList","@id":"https:\/\/ceremoniesbysophia.com\/de\/aboutme\/#breadcrumb","itemListElement":[{"@type":"ListItem","position":1,"name":"Startseite","item":"https:\/\/ceremoniesbysophia.com\/"},{"@type":"ListItem","position":2,"name":"About Me"}]},{"@type":"WebSite","@id":"https:\/\/ceremoniesbysophia.com\/#website","url":"https:\/\/ceremoniesbysophia.com\/","name":"Ceremonies by Sophia","description":"Wedding Officiant","publisher":{"@id":"https:\/\/ceremoniesbysophia.com\/#\/schema\/person\/93f7532fe9ab186362f71ed3a76c65e3"},"potentialAction":[{"@type":"SearchAction","target":{"@type":"EntryPoint","urlTemplate":"https:\/\/ceremoniesbysophia.com\/?s={search_term_string}"},"query-input":{"@type":"PropertyValueSpecification","valueRequired":true,"valueName":"search_term_string"}}],"inLanguage":"de-AT"},{"@type":["Person","Organization"],"@id":"https:\/\/ceremoniesbysophia.com\/#\/schema\/person\/93f7532fe9ab186362f71ed3a76c65e3","name":"Sophia","image":{"@type":"ImageObject","inLanguage":"de-AT","@id":"https:\/\/ceremoniesbysophia.com\/#\/schema\/person\/image\/","url":"http:\/\/ceremoniesbysophia.com\/wp-content\/uploads\/2025\/05\/cropped-Signet_black-Small.png","contentUrl":"http:\/\/ceremoniesbysophia.com\/wp-content\/uploads\/2025\/05\/cropped-Signet_black-Small.png","width":512,"height":512,"caption":"Sophia"},"logo":{"@id":"https:\/\/ceremoniesbysophia.com\/#\/schema\/person\/image\/"},"sameAs":["http:\/\/ceremoniesbysophia.com"]}]}},"_links":{"self":[{"href":"https:\/\/ceremoniesbysophia.com\/de\/wp-json\/wp\/v2\/pages\/2150","targetHints":{"allow":["GET"]}}],"collection":[{"href":"https:\/\/ceremoniesbysophia.com\/de\/wp-json\/wp\/v2\/pages"}],"about":[{"href":"https:\/\/ceremoniesbysophia.com\/de\/wp-json\/wp\/v2\/types\/page"}],"author":[{"embeddable":true,"href":"https:\/\/ceremoniesbysophia.com\/de\/wp-json\/wp\/v2\/users\/1"}],"replies":[{"embeddable":true,"href":"https:\/\/ceremoniesbysophia.com\/de\/wp-json\/wp\/v2\/comments?post=2150"}],"version-history":[{"count":54,"href":"https:\/\/ceremoniesbysophia.com\/de\/wp-json\/wp\/v2\/pages\/2150\/revisions"}],"predecessor-version":[{"id":3238,"href":"https:\/\/ceremoniesbysophia.com\/de\/wp-json\/wp\/v2\/pages\/2150\/revisions\/3238"}],"wp:attachment":[{"href":"https:\/\/ceremoniesbysophia.com\/de\/wp-json\/wp\/v2\/media?parent=2150"}],"curies":[{"name":"wp","href":"https:\/\/api.w.org\/{rel}","templated":true}]}}